{"id":2,"date":"2023-07-24T06:34:26","date_gmt":"2023-07-24T06:34:26","guid":{"rendered":"https:\/\/www.pracowniapz.pl\/blog\/?page_id=2"},"modified":"2023-07-26T10:28:01","modified_gmt":"2023-07-26T10:28:01","slug":"sample-page","status":"publish","type":"page","link":"https:\/\/www.pracowniapz.pl\/blog\/","title":{"rendered":"Sample Page"},"content":{"rendered":"\n<div class=\"wp-block-uagb-container uagb-block-d852c002 alignfull uagb-is-root-container\"><div class=\"uagb-container-inner-blocks-wrap\">\n\t\t\t<div class=\"wp-block-uagb-post-grid uagb-post-grid  uagb-post__image-position-background uagb-post__image-enabled uagb-block-40462d69     uagb-post__items uagb-post__columns-1 is-grid uagb-post__columns-tablet-2 uagb-post__columns-mobile-1 uagb-post__equal-height\" data-total=\"2\" style=\"\">\n\n\t\t\t\t\t\t\t\t\t\t\t\t<article class=\"uagb-post__inner-wrap\">\t\t\t\t\t\t\t\t<h4 class=\"uagb-post__title uagb-post__text\">\n\t\t\t\t<a href=\"https:\/\/www.pracowniapz.pl\/blog\/2023\/06\/28\/dodatkowy-termin-znakomitego-kursu-protetycznego-mariusa-steigmanna\/\" target=\"_self\" rel=\"bookmark noopener noreferrer\">Dodatkowy termin znakomitego kursu protetycznego Mariusa Steigmanna<\/a>\n\t\t\t<\/h4>\n\t\t\t\t\t\t<div class='uagb-post__text uagb-post-grid-byline'>\n\t\t\t\t\t\t\t\t<time datetime=\"2023-06-28T09:37:51+00:00\" class=\"uagb-post__date\">\n\t\t\t\t<span class=\"dashicons-calendar dashicons\"><\/span>\t\t\t\t\t28 czerwca, 2023\t\t\t\t<\/time>\n\t\t\t\t\t\t<\/div>\n\t\t\t\t\t\t\t<div class='uagb-post__text uagb-post__excerpt'>\n\t\t\t\t\t<p>Dodatkowy termin znakomitego kursu protetycznego Mariusa Steigmanna \u2026 jeszcze s\u0105 miejsca<\/p>\n\t\t\t\t<\/div>\n\t\t\t\t\t\t<div class=\"uagb-post__text uagb-post__cta wp-block-button\">\n\t\t\t\t<a class=\"wp-block-button__link uagb-text-link\" href=\"https:\/\/www.pracowniapz.pl\/blog\/2023\/06\/28\/dodatkowy-termin-znakomitego-kursu-protetycznego-mariusa-steigmanna\/\" target=\"_self\" rel=\"bookmark noopener noreferrer\">Czytaj wi\u0119cej&#8230;<\/a>\n\t\t\t<\/div>\n\t\t\t\t\t\t<div class='uagb-post__image'>\n\t\t\t\t\t\t\t<\/div>\n\t\t\t\t\t\t\t\t\t\t\t\t<\/article>\n\t\t\t\t\t\t\t\t\t\t\t\t\t\t\t\t<article class=\"uagb-post__inner-wrap\">\t\t\t\t\t\t\t\t<h4 class=\"uagb-post__title uagb-post__text\">\n\t\t\t\t<a href=\"https:\/\/www.pracowniapz.pl\/blog\/2023\/06\/22\/luca-de-stavola-your-dental-future\/\" target=\"_self\" rel=\"bookmark noopener noreferrer\">LUCA DE STAVOLA\u00a0(Your dental future)<\/a>\n\t\t\t<\/h4>\n\t\t\t\t\t\t<div class='uagb-post__text uagb-post-grid-byline'>\n\t\t\t\t\t\t\t\t<time datetime=\"2023-06-22T05:26:01+00:00\" class=\"uagb-post__date\">\n\t\t\t\t<span class=\"dashicons-calendar dashicons\"><\/span>\t\t\t\t\t22 czerwca, 2023\t\t\t\t<\/time>\n\t\t\t\t\t\t<\/div>\n\t\t\t\t\t\t\t<div class='uagb-post__text uagb-post__excerpt'>\n\t\t\t\t\t<p>Cyfrowe procesy pracy w stomatologii biofunkcjonalnej KURS Z AUGMENTACJI KO\u015aCI ZE SZKOLENIEM PRAKTYCZNYM&nbsp; LUCA DE STAVOLA&nbsp;(Your dental future) 26-28 pa\u017adziernika 2023&nbsp;GDANSK PO RAZ PIERWSZY W POLSCE !!!! Ko\u015b\u0107 autogenna uznawana jest za najlepsze rozwi\u0105zanie w procesie augmentacji ze wzgl\u0119du na niepor\u00f3wnywalne w\u0142a\u015bciwo\u015bci biologiczne. Swobodne pobieranie ko\u015bci w du\u017cej mierze uzale\u017cnione jest od posiadania odpowiednich umiej\u0119tno\u015bci,&#8230;\t\t\t\t<\/div>\n\t\t\t\t\t\t<div class=\"uagb-post__text uagb-post__cta wp-block-button\">\n\t\t\t\t<a class=\"wp-block-button__link uagb-text-link\" href=\"https:\/\/www.pracowniapz.pl\/blog\/2023\/06\/22\/luca-de-stavola-your-dental-future\/\" target=\"_self\" rel=\"bookmark noopener noreferrer\">Czytaj wi\u0119cej&#8230;<\/a>\n\t\t\t<\/div>\n\t\t\t\t\t\t<div class='uagb-post__image'>\n\t\t\t\t\t\t\t<\/div>\n\t\t\t\t\t\t\t\t\t\t\t\t<\/article>\n\t\t\t\t\t\t\t\t\t\t\t\t\t\t\t\t<article class=\"uagb-post__inner-wrap\">\t\t\t\t\t\t\t\t<h4 class=\"uagb-post__title uagb-post__text\">\n\t\t\t\t<a href=\"https:\/\/www.pracowniapz.pl\/blog\/2023\/06\/16\/advanced-soft-tissue-management-part-2\/\" target=\"_self\" rel=\"bookmark noopener noreferrer\">Advanced\u00a0soft tissue management\u00a0\u00a0Part 2<\/a>\n\t\t\t<\/h4>\n\t\t\t\t\t\t<div class='uagb-post__text uagb-post-grid-byline'>\n\t\t\t\t\t\t\t\t<time datetime=\"2023-06-16T05:45:46+00:00\" class=\"uagb-post__date\">\n\t\t\t\t<span class=\"dashicons-calendar dashicons\"><\/span>\t\t\t\t\t16 czerwca, 2023\t\t\t\t<\/time>\n\t\t\t\t\t\t<\/div>\n\t\t\t\t\t\t\t<div class='uagb-post__text uagb-post__excerpt'>\n\t\t\t\t\t<p>\u015awietne kursy &#8211; zbiera si\u0119 grupa &#8211; zobaczcie szczeg\u00f3\u0142y&nbsp; Advanced\u00a0soft tissue management\u00a0\u00a0Part 2 Dr Ricardo Kern Cena ; Wczesna rejestracja ; 8900z\u0142 &nbsp;p\u00f3\u0142torej miesi\u0105ca przed kursem&nbsp; Rejestracja &nbsp;9600z\u0142&nbsp; Dzie\u0144 pierwszy&nbsp;\u2013 Post\u0119powanie z tkankami mi\u0119kkimi w przypadkach recesji&nbsp; Anatomia, histologia i fizjologia przyz\u0119bia w miejscach dawczych i biorczych&nbsp; Fenotyp przyz\u0119bia i klasyfikacja ubytk\u00f3w&nbsp; Zaj\u0119cia praktyczne 1:&nbsp;&#8230;\t\t\t\t<\/div>\n\t\t\t\t\t\t<div class=\"uagb-post__text uagb-post__cta wp-block-button\">\n\t\t\t\t<a class=\"wp-block-button__link uagb-text-link\" href=\"https:\/\/www.pracowniapz.pl\/blog\/2023\/06\/16\/advanced-soft-tissue-management-part-2\/\" target=\"_self\" rel=\"bookmark noopener noreferrer\">Czytaj wi\u0119cej&#8230;<\/a>\n\t\t\t<\/div>\n\t\t\t\t\t\t<div class='uagb-post__image'>\n\t\t\t\t\t\t\t<\/div>\n\t\t\t\t\t\t\t\t\t\t\t\t<\/article>\n\t\t\t\t\t\t\t\t\t\t\t\t\t\t\t\t<article class=\"uagb-post__inner-wrap\">\t\t\t\t\t\t\t\t<h4 class=\"uagb-post__title uagb-post__text\">\n\t\t\t\t<a href=\"https:\/\/www.pracowniapz.pl\/blog\/2023\/06\/15\/swietne-kursy-zbiera-sie-grupa-zobaczcie-szczegoly\/\" target=\"_self\" rel=\"bookmark noopener noreferrer\">Advanced\u00a0 soft tissue management\u00a0\u00a0Part 1<\/a>\n\t\t\t<\/h4>\n\t\t\t\t\t\t<div class='uagb-post__text uagb-post-grid-byline'>\n\t\t\t\t\t\t\t\t<time datetime=\"2023-06-15T05:44:41+00:00\" class=\"uagb-post__date\">\n\t\t\t\t<span class=\"dashicons-calendar dashicons\"><\/span>\t\t\t\t\t15 czerwca, 2023\t\t\t\t<\/time>\n\t\t\t\t\t\t<\/div>\n\t\t\t\t\t\t\t<div class='uagb-post__text uagb-post__excerpt'>\n\t\t\t\t\t<p>\u015awietne kursy \u2013 zbiera si\u0119 grupa \u2013 zobaczcie szczeg\u00f3\u0142y Advanced\u00a0 soft tissue management\u00a0\u00a0Part 1 Dr Ricardo Kern Cena ; Wczesna rejestracja ; 8900z\u0142 &nbsp;p\u00f3\u0142torej miesi\u0105ca przed kursem&nbsp; Rejestracja &nbsp;9600z\u0142&nbsp; Dzie\u0144 pierwszy&nbsp;\u2013 idealna harmonia tkanek mi\u0119kkich&nbsp; Filozofia r\u00f3wnowagi mi\u0119dzy estetyk\u0105 bia\u0142\u0105 i r\u00f3\u017cow\u0105&nbsp; Koncepcje planowania cyfrowego \u2013 Chirurgiczna odbudowa estetyczna&nbsp; &nbsp;&nbsp;&nbsp;&nbsp;&nbsp;&nbsp;&nbsp;&nbsp;&nbsp;&nbsp;&nbsp;&nbsp;Idealne narz\u0119dzia komunikacji w ramach zespo\u0142u&#8230;\t\t\t\t<\/div>\n\t\t\t\t\t\t<div class=\"uagb-post__text uagb-post__cta wp-block-button\">\n\t\t\t\t<a class=\"wp-block-button__link uagb-text-link\" href=\"https:\/\/www.pracowniapz.pl\/blog\/2023\/06\/15\/swietne-kursy-zbiera-sie-grupa-zobaczcie-szczegoly\/\" target=\"_self\" rel=\"bookmark noopener noreferrer\">Czytaj wi\u0119cej&#8230;<\/a>\n\t\t\t<\/div>\n\t\t\t\t\t\t<div class='uagb-post__image'>\n\t\t\t\t\t\t\t<\/div>\n\t\t\t\t\t\t\t\t\t\t\t\t<\/article>\n\t\t\t\t\t\t\t\t\t\t\t\t\t\t\t\t<article class=\"uagb-post__inner-wrap\">\t\t\t\t\t\t\t\t<h4 class=\"uagb-post__title uagb-post__text\">\n\t\t\t\t<a href=\"https:\/\/www.pracowniapz.pl\/blog\/2023\/06\/05\/bone-and-tissue-days\/\" target=\"_self\" rel=\"bookmark noopener noreferrer\">Bone and Tissue DAYS\u00a0<\/a>\n\t\t\t<\/h4>\n\t\t\t\t\t\t<div class='uagb-post__text uagb-post-grid-byline'>\n\t\t\t\t\t\t\t\t<time datetime=\"2023-06-05T05:24:59+00:00\" class=\"uagb-post__date\">\n\t\t\t\t<span class=\"dashicons-calendar dashicons\"><\/span>\t\t\t\t\t5 czerwca, 2023\t\t\t\t<\/time>\n\t\t\t\t\t\t<\/div>\n\t\t\t\t\t\t\t<div class='uagb-post__text uagb-post__excerpt'>\n\t\t\t\t\t<p>Bone and Tissue DAYS\u00a0 \ufeffWsp\u00f3\u0142pracuj\u0105cy z nami Dr Adam Pi\u00f3ro zosta\u0142 zaproszony jako wyk\u0142adowca na Bone and Tissue DAYS&nbsp; Na \u2026. BALI&nbsp; Zbieramy polsk\u0105 grup\u0119 \ud83d\ude42&nbsp; Informacje i rejestracja:szkolenia@pracowniapz.pl+48&nbsp;605&nbsp;909&nbsp;770<\/p>\n\t\t\t\t<\/div>\n\t\t\t\t\t\t<div class=\"uagb-post__text uagb-post__cta wp-block-button\">\n\t\t\t\t<a class=\"wp-block-button__link uagb-text-link\" href=\"https:\/\/www.pracowniapz.pl\/blog\/2023\/06\/05\/bone-and-tissue-days\/\" target=\"_self\" rel=\"bookmark noopener noreferrer\">Czytaj wi\u0119cej&#8230;<\/a>\n\t\t\t<\/div>\n\t\t\t\t\t\t<div class='uagb-post__image'>\n\t\t\t\t\t\t\t<\/div>\n\t\t\t\t\t\t\t\t\t\t\t\t<\/article>\n\t\t\t\t\t\t\t\t\t\t\t\t\t\t\t\t<article class=\"uagb-post__inner-wrap\">\t\t\t\t\t\t\t\t<h4 class=\"uagb-post__title uagb-post__text\">\n\t\t\t\t<a href=\"https:\/\/www.pracowniapz.pl\/blog\/2023\/05\/30\/vip-kurs-interaktywne-warsztaty-z-interpretacji-przypadkow-z-dr-dania-tamimi\/\" target=\"_self\" rel=\"bookmark noopener noreferrer\">VIP KURS &#8211; Interaktywne warsztaty z interpretacji przypadk\u00f3w z dr Dani\u0105 Tamimi<\/a>\n\t\t\t<\/h4>\n\t\t\t\t\t\t<div class='uagb-post__text uagb-post-grid-byline'>\n\t\t\t\t\t\t\t\t<time datetime=\"2023-05-30T05:22:37+00:00\" class=\"uagb-post__date\">\n\t\t\t\t<span class=\"dashicons-calendar dashicons\"><\/span>\t\t\t\t\t30 maja, 2023\t\t\t\t<\/time>\n\t\t\t\t\t\t<\/div>\n\t\t\t\t\t\t\t<div class='uagb-post__text uagb-post__excerpt'>\n\t\t\t\t\t<p>Dla szczeg\u00f3lnie zainteresowanych CBCT &#8211; \u015bwiatowy autorytet DANIA TAMIMI&nbsp; VIP KURS &#8211; Interaktywne warsztaty z interpretacji przypadk\u00f3w z dr Dani\u0105 Tamimi 26 pa\u017adziernika 2023 WArszawa\u00a0Kurs oferuje wyj\u0105tkow\u0105 mo\u017cliwo\u015b\u0107 odbycia \u0107wicze\u0144 praktycznych pod kierunkiem dr Danii Tamimi, autorki \u201cSpecialty Imaging: Temporomandibular Joint and Sleep-Disordered Breathing. Kurs ma na celu rozw\u00f3j umiej\u0119tno\u015bci prawid\u0142owej interpretacji obrazu CBCT. Podczas&#8230;\t\t\t\t<\/div>\n\t\t\t\t\t\t<div class=\"uagb-post__text uagb-post__cta wp-block-button\">\n\t\t\t\t<a class=\"wp-block-button__link uagb-text-link\" href=\"https:\/\/www.pracowniapz.pl\/blog\/2023\/05\/30\/vip-kurs-interaktywne-warsztaty-z-interpretacji-przypadkow-z-dr-dania-tamimi\/\" target=\"_self\" rel=\"bookmark noopener noreferrer\">Czytaj wi\u0119cej&#8230;<\/a>\n\t\t\t<\/div>\n\t\t\t\t\t\t<div class='uagb-post__image'>\n\t\t\t\t\t\t\t<\/div>\n\t\t\t\t\t\t\t\t\t\t\t\t<\/article>\n\t\t\t\t\t\t\t\t\t\t\t\t\t\t\t\t<article class=\"uagb-post__inner-wrap\">\t\t\t\t\t\t\t\t<h4 class=\"uagb-post__title uagb-post__text\">\n\t\t\t\t<a href=\"https:\/\/www.pracowniapz.pl\/blog\/2023\/05\/26\/dania-tamimi-swiatowy-autorytet-cbct-w-polsce-zobacz-szczegoly\/\" target=\"_self\" rel=\"bookmark noopener noreferrer\">DANIA TAMIMI &#8211; \u015bwiatowy autorytet CBCT w Polsce \u00a0&#8211; zobacz szczeg\u00f3\u0142y\u00a0<\/a>\n\t\t\t<\/h4>\n\t\t\t\t\t\t<div class='uagb-post__text uagb-post-grid-byline'>\n\t\t\t\t\t\t\t\t<time datetime=\"2023-05-26T05:21:43+00:00\" class=\"uagb-post__date\">\n\t\t\t\t<span class=\"dashicons-calendar dashicons\"><\/span>\t\t\t\t\t26 maja, 2023\t\t\t\t<\/time>\n\t\t\t\t\t\t<\/div>\n\t\t\t\t\t\t\t<div class='uagb-post__text uagb-post__excerpt'>\n\t\t\t\t\t<p>DANIA TAMIMI&nbsp; W g\u0142\u0105b SS\u017b. Precyzyjna diagnostyka radiologiczna staw\u00f3w skroniowo-\u017cuchwowych 27-28 pa\u017adziernika 2023 Dwudniowa, szczeg\u00f3\u0142owa sesja po\u015bwi\u0119cona diagnostyce radiologicznej stawu skroniowo-\u017cuchwowego.&nbsp; Celem szkolenia jest pomoc w rozwoju umiej\u0119tno\u015bci diagnostycznych lekarzy dentyst\u00f3w w zakresie diagnozowania patologii tego stawu za pomoc\u0105 CBCT i MR. W programie: Staw skroniowo-\u017cuchwowy: anatomia i embriologia\u00a0 Metody obrazowania SS\u017b Zaburzenia w obr\u0119bie&#8230;\t\t\t\t<\/div>\n\t\t\t\t\t\t<div class=\"uagb-post__text uagb-post__cta wp-block-button\">\n\t\t\t\t<a class=\"wp-block-button__link uagb-text-link\" href=\"https:\/\/www.pracowniapz.pl\/blog\/2023\/05\/26\/dania-tamimi-swiatowy-autorytet-cbct-w-polsce-zobacz-szczegoly\/\" target=\"_self\" rel=\"bookmark noopener noreferrer\">Czytaj wi\u0119cej&#8230;<\/a>\n\t\t\t<\/div>\n\t\t\t\t\t\t<div class='uagb-post__image'>\n\t\t\t\t\t\t\t<\/div>\n\t\t\t\t\t\t\t\t\t\t\t\t<\/article>\n\t\t\t\t\t\t\t\t\t\t\t\t\t\t\t\t<article class=\"uagb-post__inner-wrap\">\t\t\t\t\t\t\t\t<h4 class=\"uagb-post__title uagb-post__text\">\n\t\t\t\t<a href=\"https:\/\/www.pracowniapz.pl\/blog\/2023\/05\/26\/ricardo-kern\/\" target=\"_self\" rel=\"bookmark noopener noreferrer\">Ricardo Kern\u00a0<\/a>\n\t\t\t<\/h4>\n\t\t\t\t\t\t<div class='uagb-post__text uagb-post-grid-byline'>\n\t\t\t\t\t\t\t\t<time datetime=\"2023-05-26T05:20:22+00:00\" class=\"uagb-post__date\">\n\t\t\t\t<span class=\"dashicons-calendar dashicons\"><\/span>\t\t\t\t\t26 maja, 2023\t\t\t\t<\/time>\n\t\t\t\t\t\t<\/div>\n\t\t\t\t\t\t\t<div class='uagb-post__text uagb-post__excerpt'>\n\t\t\t\t\t<p>Znakomity wyk\u0142adowca &nbsp;Ricardo KERN wsp\u00f3lpracuje z nami przy naszych kursach poznajcie go bli\u017cej \u2026&nbsp; Ricardo Kern&nbsp; Formalne wykszta\u0142cenie\/Stopnie naukowe2004 &#8211; 2006&nbsp;Master of Science.&nbsp;Universidade Estadual de Ponta Grossa, UEPG, Brazylia.&nbsp;Kierownik:&nbsp;Gibson Luiz Pilatti.&nbsp;2003 &#8211; 2004&nbsp;Magisterium, Marketing i Zarz\u0105dzanie &#8211; MBA Executivo . (424 godz.). Instituto Superior de Administra\u00e7\u00e3o e Economia da Funda\u00e7\u00e3o Getulio Vargas, ISAE\/FGV, Brazylia.&nbsp;2001 &#8211;&#8230;\t\t\t\t<\/div>\n\t\t\t\t\t\t<div class=\"uagb-post__text uagb-post__cta wp-block-button\">\n\t\t\t\t<a class=\"wp-block-button__link uagb-text-link\" href=\"https:\/\/www.pracowniapz.pl\/blog\/2023\/05\/26\/ricardo-kern\/\" target=\"_self\" rel=\"bookmark noopener noreferrer\">Czytaj wi\u0119cej&#8230;<\/a>\n\t\t\t<\/div>\n\t\t\t\t\t\t<div class='uagb-post__image'>\n\t\t\t\t\t\t\t<\/div>\n\t\t\t\t\t\t\t\t\t\t\t\t<\/article>\n\t\t\t\t\t\t\t\t\t\t\t\t\t\t\t\t<article class=\"uagb-post__inner-wrap\">\t\t\t\t\t\t\t\t<h4 class=\"uagb-post__title uagb-post__text\">\n\t\t\t\t<a href=\"https:\/\/www.pracowniapz.pl\/blog\/2023\/05\/10\/soft-tissue-management-cycle\/\" target=\"_self\" rel=\"bookmark noopener noreferrer\">SOFT TISSUE MANAGEMENT cycle<\/a>\n\t\t\t<\/h4>\n\t\t\t\t\t\t<div class='uagb-post__text uagb-post-grid-byline'>\n\t\t\t\t\t\t\t\t<time datetime=\"2023-05-10T09:25:20+00:00\" class=\"uagb-post__date\">\n\t\t\t\t<span class=\"dashicons-calendar dashicons\"><\/span>\t\t\t\t\t10 maja, 2023\t\t\t\t<\/time>\n\t\t\t\t\t\t<\/div>\n\t\t\t\t\t\t\t<div class='uagb-post__text uagb-post__excerpt'>\n\t\t\t\t\t<p>SOFT TISSUE MANAGEMENT cycle additional PROSTHETIC MODULE Prowadz\u0105cy: DR MARIUS STEIGMANN AND DR IONUT BRANZAN Najbli\u017cszy termin:06-07.12.2023 r., 08-09.12.2023 r Kurs praktyczny SOFT TISSUE MANAGEMENT cycle \u2013 additional PROSTHETIC MODULE Prowadz\u0105cy: DR MARIUS STEIGMANN AND DR IONUT BRANZAN (ROMANIA) Miejsce: PURO Hotel Gda\u0144sk Stare Miasto &#8211; ul. St\u0105giewna 26, 80-750 Gda\u0144sk Cena:9165 PLN do 8&#8230;\t\t\t\t<\/div>\n\t\t\t\t\t\t<div class=\"uagb-post__text uagb-post__cta wp-block-button\">\n\t\t\t\t<a class=\"wp-block-button__link uagb-text-link\" href=\"https:\/\/www.pracowniapz.pl\/blog\/2023\/05\/10\/soft-tissue-management-cycle\/\" target=\"_self\" rel=\"bookmark noopener noreferrer\">Czytaj wi\u0119cej&#8230;<\/a>\n\t\t\t<\/div>\n\t\t\t\t\t\t<div class='uagb-post__image'>\n\t\t\t\t\t\t\t<\/div>\n\t\t\t\t\t\t\t\t\t\t\t\t<\/article>\n\t\t\t\t\t\t\t\t\t\t\t\t\t\t\t\t<article class=\"uagb-post__inner-wrap\">\t\t\t\t\t\t\t\t<h4 class=\"uagb-post__title uagb-post__text\">\n\t\t\t\t<a href=\"https:\/\/www.pracowniapz.pl\/blog\/2023\/05\/08\/lasery-dla-opornych\/\" target=\"_self\" rel=\"bookmark noopener noreferrer\">Lasery dla opornych<\/a>\n\t\t\t<\/h4>\n\t\t\t\t\t\t<div class='uagb-post__text uagb-post-grid-byline'>\n\t\t\t\t\t\t\t\t<time datetime=\"2023-05-08T09:24:49+00:00\" class=\"uagb-post__date\">\n\t\t\t\t<span class=\"dashicons-calendar dashicons\"><\/span>\t\t\t\t\t8 maja, 2023\t\t\t\t<\/time>\n\t\t\t\t\t\t<\/div>\n\t\t\t\t\t\t\t<div class='uagb-post__text uagb-post__excerpt'>\n\t\t\t\t\t<p>Lasery dla opornych kurs wprowadzaj\u0105cy do laseroterapii Prowadz\u0105cy: dr n. med. Marta Maciak Najbli\u017cszy termin: 15 09 2023 r. Miejsce: Novotel Krakow Centrum, ul. Tadeusza Ko\u015bciuszki 5, 30-105 Krak\u00f3wOpis kursu:Lasery znajduj\u0105 zastosowanie w ka\u017cdej dziedzinie stomatologii i staj\u0105 si\u0119 codzienno\u015bci\u0105 w wielu praktykach stomatologicznych.Kurs Lasery dla opornych to unikalne vademecum, kt\u00f3re wprowadza lekarzy zainteresowanych nowoczesnym,&#8230;\t\t\t\t<\/div>\n\t\t\t\t\t\t<div class=\"uagb-post__text uagb-post__cta wp-block-button\">\n\t\t\t\t<a class=\"wp-block-button__link uagb-text-link\" href=\"https:\/\/www.pracowniapz.pl\/blog\/2023\/05\/08\/lasery-dla-opornych\/\" target=\"_self\" rel=\"bookmark noopener noreferrer\">Czytaj wi\u0119cej&#8230;<\/a>\n\t\t\t<\/div>\n\t\t\t\t\t\t<div class='uagb-post__image'>\n\t\t\t\t\t\t\t<\/div>\n\t\t\t\t\t\t\t\t\t\t\t\t<\/article>\n\t\t\t\t\t\t\t\t\t\t\t\t\t\t\t\t<article class=\"uagb-post__inner-wrap\">\t\t\t\t\t\t\t\t<h4 class=\"uagb-post__title uagb-post__text\">\n\t\t\t\t<a href=\"https:\/\/www.pracowniapz.pl\/blog\/2023\/04\/26\/cyfrowe-procesy-pracy-w-stomatologii-biofunkcjonalnej\/\" target=\"_self\" rel=\"bookmark noopener noreferrer\">Cyfrowe procesy pracy w stomatologii biofunkcjonalnej<\/a>\n\t\t\t<\/h4>\n\t\t\t\t\t\t<div class='uagb-post__text uagb-post-grid-byline'>\n\t\t\t\t\t\t\t\t<time datetime=\"2023-04-26T09:23:54+00:00\" class=\"uagb-post__date\">\n\t\t\t\t<span class=\"dashicons-calendar dashicons\"><\/span>\t\t\t\t\t26 kwietnia, 2023\t\t\t\t<\/time>\n\t\t\t\t\t\t<\/div>\n\t\t\t\t\t\t\t<div class='uagb-post__text uagb-post__excerpt'>\n\t\t\t\t\t<p>Cyfrowe procesy pracy w stomatologii biofunkcjonalnej KURS Z AUGMENTACJI KO\u015aCI ZE SZKOLENIEM PRAKTYCZNYM &#8211; PO RAZ PIERWSZY W POLSCE !!!! Prowadz\u0105cy: Dr. Luca De Stavola Najbli\u017cszy termin: 26 10 2023 r. Wyk\u0142adowca: LUCA DE STAVOLA (Your dental future)Termin: 26-28 pa\u017adziernika 2023Miejsce: PURO Hotel Gda\u0144sk Stare Miasto, ul. St\u0105giewna 26, 80-750 Gda\u0144sk&nbsp;Ko\u015b\u0107 autogenna uznawana jest za&#8230;\t\t\t\t<\/div>\n\t\t\t\t\t\t<div class=\"uagb-post__text uagb-post__cta wp-block-button\">\n\t\t\t\t<a class=\"wp-block-button__link uagb-text-link\" href=\"https:\/\/www.pracowniapz.pl\/blog\/2023\/04\/26\/cyfrowe-procesy-pracy-w-stomatologii-biofunkcjonalnej\/\" target=\"_self\" rel=\"bookmark noopener noreferrer\">Czytaj wi\u0119cej&#8230;<\/a>\n\t\t\t<\/div>\n\t\t\t\t\t\t<div class='uagb-post__image'>\n\t\t\t\t\t\t\t<\/div>\n\t\t\t\t\t\t\t\t\t\t\t\t<\/article>\n\t\t\t\t\t\t\t\t\t\t\t\t\t\t\t\t<article class=\"uagb-post__inner-wrap\">\t\t\t\t\t\t\t\t<h4 class=\"uagb-post__title uagb-post__text\">\n\t\t\t\t<a href=\"https:\/\/www.pracowniapz.pl\/blog\/2023\/04\/04\/modul-i-regeneracja-kosci-w-wymiarze-poziomym\/\" target=\"_self\" rel=\"bookmark noopener noreferrer\">Modu\u0142 I \u2013 Regeneracja ko\u015bci w wymiarze poziomym<\/a>\n\t\t\t<\/h4>\n\t\t\t\t\t\t<div class='uagb-post__text uagb-post-grid-byline'>\n\t\t\t\t\t\t\t\t<time datetime=\"2023-04-04T09:23:25+00:00\" class=\"uagb-post__date\">\n\t\t\t\t<span class=\"dashicons-calendar dashicons\"><\/span>\t\t\t\t\t4 kwietnia, 2023\t\t\t\t<\/time>\n\t\t\t\t\t\t<\/div>\n\t\t\t\t\t\t\t<div class='uagb-post__text uagb-post__excerpt'>\n\t\t\t\t\t<p>Modu\u0142 I \u2013 Regeneracja ko\u015bci w wymiarze poziomym Dwudniowe szkolenie kliniczne Prowadz\u0105cy: dr \u0141ukasz Ba\u0144czyk, dr n. med. Daniel Ciapi\u0144ski Najbli\u017cszy termin: 14-15.09.2023 r. 30.11-1.12.2023 r. Miejsce: Alfamedica Centrum Medyczne, ul Jana Kili\u0144skiego 166, 42-200 Cz\u0119stochowaOpis szkolenia:Jest to szkolenie skierowane dla lekarzy \u015bredniozaawansowanych i zaawansowanych, kt\u00f3rzy w swojej praktyce wykonali ju\u017c co najmniej kilka zabieg\u00f3w&#8230;\t\t\t\t<\/div>\n\t\t\t\t\t\t<div class=\"uagb-post__text uagb-post__cta wp-block-button\">\n\t\t\t\t<a class=\"wp-block-button__link uagb-text-link\" href=\"https:\/\/www.pracowniapz.pl\/blog\/2023\/04\/04\/modul-i-regeneracja-kosci-w-wymiarze-poziomym\/\" target=\"_self\" rel=\"bookmark noopener noreferrer\">Czytaj wi\u0119cej&#8230;<\/a>\n\t\t\t<\/div>\n\t\t\t\t\t\t<div class='uagb-post__image'>\n\t\t\t\t\t\t\t<\/div>\n\t\t\t\t\t\t\t\t\t\t\t\t<\/article>\n\t\t\t\t\t\t\t\t\t\t\t<\/div>\n\t\t\t<\/div><\/div>\n","protected":false},"excerpt":{"rendered":"","protected":false},"author":1,"featured_media":0,"parent":0,"menu_order":0,"comment_status":"closed","ping_status":"open","template":"","meta":{"_uag_custom_page_level_css":"","site-sidebar-layout":"default","site-content-layout":"","ast-site-content-layout":"","site-content-style":"default","site-sidebar-style":"default","ast-global-header-display":"","ast-banner-title-visibility":"","ast-main-header-display":"","ast-hfb-above-header-display":"","ast-hfb-below-header-display":"","ast-hfb-mobile-header-display":"","site-post-title":"disabled","ast-breadcrumbs-content":"","ast-featured-img":"","footer-sml-layout":"","theme-transparent-header-meta":"","adv-header-id-meta":"","stick-header-meta":"","header-above-stick-meta":"","header-main-stick-meta":"","header-below-stick-meta":"","astra-migrate-meta-layouts":"","ast-page-background-enabled":"default","ast-page-background-meta":{"desktop":{"background-color":"var(--ast-global-color-4)","background-image":"","background-repeat":"repeat","background-position":"center center","background-size":"auto","background-attachment":"scroll","background-type":"","background-media":"","overlay-type":"","overlay-color":"","overlay-gradient":""},"tablet":{"background-color":"","background-image":"","background-repeat":"repeat","background-position":"center center","background-size":"auto","background-attachment":"scroll","background-type":"","background-media":"","overlay-type":"","overlay-color":"","overlay-gradient":""},"mobile":{"background-color":"","background-image":"","background-repeat":"repeat","background-position":"center center","background-size":"auto","background-attachment":"scroll","background-type":"","background-media":"","overlay-type":"","overlay-color":"","overlay-gradient":""}},"ast-content-background-meta":{"desktop":{"background-color":"var(--ast-global-color-5)","background-image":"","background-repeat":"repeat","background-position":"center center","background-size":"auto","background-attachment":"scroll","background-type":"","background-media":"","overlay-type":"","overlay-color":"","overlay-gradient":""},"tablet":{"background-color":"var(--ast-global-color-5)","background-image":"","background-repeat":"repeat","background-position":"center center","background-size":"auto","background-attachment":"scroll","background-type":"","background-media":"","overlay-type":"","overlay-color":"","overlay-gradient":""},"mobile":{"background-color":"var(--ast-global-color-5)","background-image":"","background-repeat":"repeat","background-position":"center center","background-size":"auto","background-attachment":"scroll","background-type":"","background-media":"","overlay-type":"","overlay-color":"","overlay-gradient":""}},"footnotes":""},"class_list":["post-2","page","type-page","status-publish","hentry"],"uagb_featured_image_src":{"full":false,"thumbnail":false,"medium":false,"medium_large":false,"large":false,"1536x1536":false,"2048x2048":false},"uagb_author_info":{"display_name":"wp-admin-ppz","author_link":"https:\/\/www.pracowniapz.pl\/blog\/author\/wp-admin-ppz\/"},"uagb_comment_info":0,"uagb_excerpt":null,"_links":{"self":[{"href":"https:\/\/www.pracowniapz.pl\/blog\/wp-json\/wp\/v2\/pages\/2","targetHints":{"allow":["GET"]}}],"collection":[{"href":"https:\/\/www.pracowniapz.pl\/blog\/wp-json\/wp\/v2\/pages"}],"about":[{"href":"https:\/\/www.pracowniapz.pl\/blog\/wp-json\/wp\/v2\/types\/page"}],"author":[{"embeddable":true,"href":"https:\/\/www.pracowniapz.pl\/blog\/wp-json\/wp\/v2\/users\/1"}],"replies":[{"embeddable":true,"href":"https:\/\/www.pracowniapz.pl\/blog\/wp-json\/wp\/v2\/comments?post=2"}],"version-history":[{"count":5,"href":"https:\/\/www.pracowniapz.pl\/blog\/wp-json\/wp\/v2\/pages\/2\/revisions"}],"predecessor-version":[{"id":81,"href":"https:\/\/www.pracowniapz.pl\/blog\/wp-json\/wp\/v2\/pages\/2\/revisions\/81"}],"wp:attachment":[{"href":"https:\/\/www.pracowniapz.pl\/blog\/wp-json\/wp\/v2\/media?parent=2"}],"curies":[{"name":"wp","href":"https:\/\/api.w.org\/{rel}","templated":true}]}}